{"id":20,"date":"2023-10-29T10:51:12","date_gmt":"2023-10-29T10:51:12","guid":{"rendered":"https:\/\/rausoderaus.de\/?page_id=20"},"modified":"2023-11-26T12:11:39","modified_gmt":"2023-11-26T12:11:39","slug":"reviews","status":"publish","type":"page","link":"https:\/\/rausoderaus.de\/?page_id=20","title":{"rendered":"Reviews"},"content":{"rendered":"\t\t<div data-elementor-type=\"wp-page\" data-elementor-id=\"20\" class=\"elementor elementor-20\">\n\t\t\t\t\t\t\t<div data-particle_enable=\"false\" data-particle-mobile-disabled=\"false\" class=\"elementor-element elementor-element-144b11b e-flex e-con-boxed wpr-particle-no wpr-jarallax-no wpr-parallax-no wpr-sticky-section-no e-con e-parent\" data-id=\"144b11b\" data-element_type=\"container\" data-settings=\"{&quot;background_background&quot;:&quot;classic&quot;,&quot;container_type&quot;:&quot;flex&quot;,&quot;content_width&quot;:&quot;boxed&quot;}\" data-core-v316-plus=\"true\">\n\t\t\t\t\t<div class=\"e-con-inner\">\n\t\t\t\t<div class=\"elementor-element elementor-element-1e55ad2 elementor-widget elementor-widget-heading\" data-id=\"1e55ad2\" data-element_type=\"widget\" data-widget_type=\"heading.default\">\n\t\t\t\t<div class=\"elementor-widget-container\">\n\t\t\t<h2 class=\"elementor-heading-title elementor-size-default\">WIR BEDANKEN UNS F\u00dcR EUER VERTRAUEN<br>\nUND DAS GROSSARTIGE FEEDBACK<\/h2>\t\t<\/div>\n\t\t\t\t<\/div>\n\t\t\t\t\t<\/div>\n\t\t\t\t<\/div>\n\t\t<div data-particle_enable=\"false\" data-particle-mobile-disabled=\"false\" class=\"elementor-element elementor-element-160e34f e-flex e-con-boxed wpr-particle-no wpr-jarallax-no wpr-parallax-no wpr-sticky-section-no e-con e-parent\" data-id=\"160e34f\" data-element_type=\"container\" data-settings=\"{&quot;background_background&quot;:&quot;classic&quot;,&quot;container_type&quot;:&quot;flex&quot;,&quot;content_width&quot;:&quot;boxed&quot;}\" data-core-v316-plus=\"true\">\n\t\t\t\t\t<div class=\"e-con-inner\">\n\t\t<div data-particle_enable=\"false\" data-particle-mobile-disabled=\"false\" class=\"elementor-element elementor-element-85a8c32 e-con-full review-col e-flex wpr-particle-no wpr-jarallax-no wpr-parallax-no wpr-sticky-section-no e-con e-child\" data-id=\"85a8c32\" data-element_type=\"container\" data-settings=\"{&quot;content_width&quot;:&quot;full&quot;,&quot;container_type&quot;:&quot;flex&quot;}\">\n\t\t\t\t<div class=\"elementor-element elementor-element-1089ee8 elementor-widget elementor-widget-eael-testimonial\" data-id=\"1089ee8\" data-element_type=\"widget\" data-widget_type=\"eael-testimonial.default\">\n\t\t\t\t<div class=\"elementor-widget-container\">\n\t\t\t\n\t<div id=\"eael-testimonial-1089ee8\" class=\"eael-testimonial-item clearfix  classic-style rating-five\">\n\n\t\t\t\t\t<div class=\"eael-testimonial-content\">\n\t\t\t\t<div class=\"eael-testimonial-text\"><div class=\"jxjCjc\">\n<div class=\"gQfZge\">\n<div class=\"BgXiYe\">\n<div>\n<div class=\"Jtu6Td\"><span class=\"f5axBf\" data-ved=\"2ahUKEwjk4Pa9xtiCAxUQ_bsIHXqBCi0QjSt6BQgBEMoB\"><span tabindex=\"-1\" data-expandable-section=\"\"><span class=\"review-full-text\">Wir waren heute zu Zweit im Escape Room \"RAUS oder AUS\". Wir sind echte Escape-Fans und haben vorher auch schon um die 15 andere R\u00e4ume gespielt. Die ganze Atmosph\u00e4re bei \"RAUS oder AUS\" hat uns sehr begeistert und gut gefallen. Vor allem die liebevolle Begr\u00fc\u00dfung und Unterst\u00fctzung durch Hundedame Frieda. \ud83d\ude00 Die beiden Betreiber sind aber nat\u00fcrlich auch unheimlich herzlich und haben sich sehr viel Zeit f\u00fcr uns genommen. Hier merkt man, dass viel Herzblut in die Sache gesteckt wurde. Alles ist selber konzipiert und gebaut, gut durchdacht und einfach insgesamt rund! Diese Liebe zur Sache und zum Detail bietet einfach einen ganz speziellen Charme! Die R\u00e4tsel sind teilweise nicht ganz einfach und eher anspruchsvoll, aber definitiv l\u00f6sbar - mit dem ein oder anderen Hinweis. \ud83d\ude42 Die Hinweise kamen auch immer zum perfekten Zeitpunkt und waren wunderbar gew\u00e4hlt, sodass man in die richtige Richtung gelenkt wurde, aber durchaus noch selber r\u00e4tseln durfte. Alles in allem hatten wir ein tolles, rundes Erlebnis und wurden sehr gut unterhalten. Volle Empfehlung!<\/span><\/span><\/span><\/div>\n<div class=\"hTt9T\">\u00a0<\/div>\n<\/div>\n<\/div>\n<\/div>\n<\/div>\n<div class=\"GmO6pf\">\u00a0<\/div>\n<\/div>\t\t\t\t<div class=\"clearfix\">\n\t\t\t\t\t<p class=\"eael-testimonial-user\">Gia Nostal<\/p>\t\t\t\t<\/div>\n\t\t\t\t\t\t<ul class=\"testimonial-star-rating\">\n\t\t\t<li><i class=\"fas fa-star\" aria-hidden=\"true\"><\/i><\/li>\n\t\t\t<li><i class=\"fas fa-star\" aria-hidden=\"true\"><\/i><\/li>\n\t\t\t<li><i class=\"fas fa-star\" aria-hidden=\"true\"><\/i><\/li>\n\t\t\t<li><i class=\"fas fa-star\" aria-hidden=\"true\"><\/i><\/li>\n\t\t\t<li><i class=\"fas fa-star\" aria-hidden=\"true\"><\/i><\/li>\n\t\t<\/ul>\n\t\t\t\t\t<\/div>\n\t\t\t\t\t\n\t\t\n\t\t\n\t\t\n\t\t\n\t\t\n\t\t\n\t\t<span class=\"eael-testimonial-quote\"><\/span>\n\t<\/div>\n\n\t\t\t<\/div>\n\t\t\t\t<\/div>\n\t\t\t\t<\/div>\n\t\t<div data-particle_enable=\"false\" data-particle-mobile-disabled=\"false\" class=\"elementor-element elementor-element-8c0c652 e-con-full review-col e-flex wpr-particle-no wpr-jarallax-no wpr-parallax-no wpr-sticky-section-no e-con e-child\" data-id=\"8c0c652\" data-element_type=\"container\" data-settings=\"{&quot;content_width&quot;:&quot;full&quot;,&quot;container_type&quot;:&quot;flex&quot;}\">\n\t\t\t\t<div class=\"elementor-element elementor-element-86a99ed elementor-widget elementor-widget-eael-testimonial\" data-id=\"86a99ed\" data-element_type=\"widget\" data-widget_type=\"eael-testimonial.default\">\n\t\t\t\t<div class=\"elementor-widget-container\">\n\t\t\t\n\t<div id=\"eael-testimonial-86a99ed\" class=\"eael-testimonial-item clearfix  classic-style rating-five\">\n\n\t\t\t\t\t<div class=\"eael-testimonial-content\">\n\t\t\t\t<div class=\"eael-testimonial-text\"><p>Ein super toller Raum und eine absolute Empfehlung f\u00fcr jeden Escape Raum Freund.<br \/>Ich habe bereits viele R\u00e4ume absolviert und noch keiner war mit so viel Kreativit\u00e4t und liebe gestaltet. Der Raum hat viele coole Und auch kniffelige R\u00e4tsel. Wenn man aber mal nicht weiter wusste wurde einem mit guten Tipps geholfen die aber nicht direkt alles verraten haben.<br \/>Die Atmosph\u00e4re war durch die abgestimmte Gestaltung super und wurde durch special effects Und auf das R\u00e4tsel abgestimmt Musik immer aufrecht erhalten.<br \/>Schade das es nur einen Raum gibt.<br \/>Klare Empfehlung<\/p>\n<\/div>\t\t\t\t<div class=\"clearfix\">\n\t\t\t\t\t<p class=\"eael-testimonial-user\">Jan H<\/p>\t\t\t\t<\/div>\n\t\t\t\t\t\t<ul class=\"testimonial-star-rating\">\n\t\t\t<li><i class=\"fas fa-star\" aria-hidden=\"true\"><\/i><\/li>\n\t\t\t<li><i class=\"fas fa-star\" aria-hidden=\"true\"><\/i><\/li>\n\t\t\t<li><i class=\"fas fa-star\" aria-hidden=\"true\"><\/i><\/li>\n\t\t\t<li><i class=\"fas fa-star\" aria-hidden=\"true\"><\/i><\/li>\n\t\t\t<li><i class=\"fas fa-star\" aria-hidden=\"true\"><\/i><\/li>\n\t\t<\/ul>\n\t\t\t\t\t<\/div>\n\t\t\t\t\t\n\t\t\n\t\t\n\t\t\n\t\t\n\t\t\n\t\t\n\t\t<span class=\"eael-testimonial-quote\"><\/span>\n\t<\/div>\n\n\t\t\t<\/div>\n\t\t\t\t<\/div>\n\t\t\t\t<\/div>\n\t\t<div data-particle_enable=\"false\" data-particle-mobile-disabled=\"false\" class=\"elementor-element elementor-element-225fb76 e-con-full review-col e-flex wpr-particle-no wpr-jarallax-no wpr-parallax-no wpr-sticky-section-no e-con e-child\" data-id=\"225fb76\" data-element_type=\"container\" data-settings=\"{&quot;content_width&quot;:&quot;full&quot;,&quot;container_type&quot;:&quot;flex&quot;}\">\n\t\t\t\t<div class=\"elementor-element elementor-element-5fc7cc8 elementor-widget elementor-widget-eael-testimonial\" data-id=\"5fc7cc8\" data-element_type=\"widget\" data-widget_type=\"eael-testimonial.default\">\n\t\t\t\t<div class=\"elementor-widget-container\">\n\t\t\t\n\t<div id=\"eael-testimonial-5fc7cc8\" class=\"eael-testimonial-item clearfix  classic-style rating-five\">\n\n\t\t\t\t\t<div class=\"eael-testimonial-content\">\n\t\t\t\t<div class=\"eael-testimonial-text\"><p>Wir waren zu viert als Neulinge dort und ich pers\u00f6nlich war total begeistert wieviele Gedanken man sich da gemacht hat. Der Gruselfaktor war da, durch die alten Gegenst\u00e4nde die noch mit Musik untermauert wurden und auch der Spassfaktor. Wir haben gut gelacht und waren super unterhalten. Zwischendurch gab es immer mal Hinweise durch ein Walkie Talkie und am Ende hat man auch nochmal besprochen was wir \u00fcbersehen haben oder das wir intensiver miteinander sprechen m\u00fcssen und allgemein \u00fcber Escape Rooms. Sehr pers\u00f6nliche und nette Atmosph\u00e4re und auch Hund Frida wollte uns Beistand leisten, am Ende hat es zwar nicht gereicht aber es war eine tolle Erfahrung und ich werde definitiv noch andere Escape Rooms besuchen.<\/p>\n<\/div>\t\t\t\t<div class=\"clearfix\">\n\t\t\t\t\t<p class=\"eael-testimonial-user\">Daniela Klose<\/p>\t\t\t\t<\/div>\n\t\t\t\t\t\t<ul class=\"testimonial-star-rating\">\n\t\t\t<li><i class=\"fas fa-star\" aria-hidden=\"true\"><\/i><\/li>\n\t\t\t<li><i class=\"fas fa-star\" aria-hidden=\"true\"><\/i><\/li>\n\t\t\t<li><i class=\"fas fa-star\" aria-hidden=\"true\"><\/i><\/li>\n\t\t\t<li><i class=\"fas fa-star\" aria-hidden=\"true\"><\/i><\/li>\n\t\t\t<li><i class=\"fas fa-star\" aria-hidden=\"true\"><\/i><\/li>\n\t\t<\/ul>\n\t\t\t\t\t<\/div>\n\t\t\t\t\t\n\t\t\n\t\t\n\t\t\n\t\t\n\t\t\n\t\t\n\t\t<span class=\"eael-testimonial-quote\"><\/span>\n\t<\/div>\n\n\t\t\t<\/div>\n\t\t\t\t<\/div>\n\t\t\t\t<\/div>\n\t\t<div data-particle_enable=\"false\" data-particle-mobile-disabled=\"false\" class=\"elementor-element elementor-element-0e230d5 e-con-full review-col e-flex wpr-particle-no wpr-jarallax-no wpr-parallax-no wpr-sticky-section-no e-con e-child\" data-id=\"0e230d5\" data-element_type=\"container\" data-settings=\"{&quot;content_width&quot;:&quot;full&quot;,&quot;container_type&quot;:&quot;flex&quot;}\">\n\t\t\t\t<div class=\"elementor-element elementor-element-94fd7ef elementor-widget elementor-widget-eael-testimonial\" data-id=\"94fd7ef\" data-element_type=\"widget\" data-widget_type=\"eael-testimonial.default\">\n\t\t\t\t<div class=\"elementor-widget-container\">\n\t\t\t\n\t<div id=\"eael-testimonial-94fd7ef\" class=\"eael-testimonial-item clearfix  classic-style rating-five\">\n\n\t\t\t\t\t<div class=\"eael-testimonial-content\">\n\t\t\t\t<div class=\"eael-testimonial-text\"><p>Absolute Weiterempfehlung!!!<\/p>\n<p>Ich habe bereits mehrere Escape Rooms besucht und finde Raus oder Aus aller h\u00f6chstes Niveau mit hoher Qualit\u00e4t. Das Konzept, die R\u00e4tsel, das Engagement der Veranstalter und die Vielfalt an M\u00f6glichkeiten zum erreichen des Ziels haben mich begeistert.<\/p>\n<p>Die Schwierigkeit wir dem Raum gerecht. Die R\u00e4tsel sind sehr durchdacht und gut konzipiert. Wenn ihr es wirklich schaffen wollt, reicht ein gutes Kombinationsverm\u00f6gen nicht aus. Teamwork wird n\u00e4mlich ebenfalls sehr gro\u00df geschrieben.<\/p>\n<p>Auf der R\u00fcckfahrt sind S\u00e4tze gefallen wie: \"ich w\u00fcnschte ich k\u00f6nnte die letzten 2 Stunden vergessen und nochmal in diesen Raum gehen\", \"einfach nur Krass\", \"wann machen die ein 2.0..\" .<\/p>\n<p>Top! Das Ideal von einem Escape Room! 5 Sterne sind das Mindeste!<\/p>\n<p>Vielen Dank an das tolle Team und Liebe Gr\u00fc\u00dfe! Bis zum n\u00e4chsten mal, wenn es hei\u00dft: RAUS oder AUS 2.0 !<\/p>\n<\/div>\t\t\t\t<div class=\"clearfix\">\n\t\t\t\t\t<p class=\"eael-testimonial-user\">Bardoro Abi<\/p>\t\t\t\t<\/div>\n\t\t\t\t\t\t<ul class=\"testimonial-star-rating\">\n\t\t\t<li><i class=\"fas fa-star\" aria-hidden=\"true\"><\/i><\/li>\n\t\t\t<li><i class=\"fas fa-star\" aria-hidden=\"true\"><\/i><\/li>\n\t\t\t<li><i class=\"fas fa-star\" aria-hidden=\"true\"><\/i><\/li>\n\t\t\t<li><i class=\"fas fa-star\" aria-hidden=\"true\"><\/i><\/li>\n\t\t\t<li><i class=\"fas fa-star\" aria-hidden=\"true\"><\/i><\/li>\n\t\t<\/ul>\n\t\t\t\t\t<\/div>\n\t\t\t\t\t\n\t\t\n\t\t\n\t\t\n\t\t\n\t\t\n\t\t\n\t\t<span class=\"eael-testimonial-quote\"><\/span>\n\t<\/div>\n\n\t\t\t<\/div>\n\t\t\t\t<\/div>\n\t\t\t\t<\/div>\n\t\t<div data-particle_enable=\"false\" data-particle-mobile-disabled=\"false\" class=\"elementor-element elementor-element-fe1ef63 e-con-full review-col e-flex wpr-particle-no wpr-jarallax-no wpr-parallax-no wpr-sticky-section-no e-con e-child\" data-id=\"fe1ef63\" data-element_type=\"container\" data-settings=\"{&quot;content_width&quot;:&quot;full&quot;,&quot;container_type&quot;:&quot;flex&quot;}\">\n\t\t\t\t<div class=\"elementor-element elementor-element-0423ace elementor-widget elementor-widget-eael-testimonial\" data-id=\"0423ace\" data-element_type=\"widget\" data-widget_type=\"eael-testimonial.default\">\n\t\t\t\t<div class=\"elementor-widget-container\">\n\t\t\t\n\t<div id=\"eael-testimonial-0423ace\" class=\"eael-testimonial-item clearfix  classic-style rating-five\">\n\n\t\t\t\t\t<div class=\"eael-testimonial-content\">\n\t\t\t\t<div class=\"eael-testimonial-text\"><p>Es ist schon eine Weile her das wir bei euch gespielt haben, wir hatten nur glatt die Bewertung vergessen.<br \/>Super spontan innerhalb einer Stunde konnte wir hier nach einem. kurzem Telefonat spielen. Die Besitzer waren super lieb und der Raum mit ganz viel Liebe zum Detail gestaltet. Wer gerne R\u00e4ume durchsucht wird hier auf jeden Fall Gl\u00fccklich denn es lohnt sich im Jeden Fall auch wirklich \u00fcberall nachzusehen ob man den Gegenstand dann braucht oder nicht.<br \/>Wir hatten unfassbar viel Spa\u00df und empfehlen diesen Raum bei absolut jeder Gelegenheit weiter!<br \/>Vielleicht wird es ja doch noch was mit einem zweiten Raum von euch, wir w\u00fcrde uns freuen.<\/p>\n<\/div>\t\t\t\t<div class=\"clearfix\">\n\t\t\t\t\t<p class=\"eael-testimonial-user\">Sissi Kersten<\/p>\t\t\t\t<\/div>\n\t\t\t\t\t\t<ul class=\"testimonial-star-rating\">\n\t\t\t<li><i class=\"fas fa-star\" aria-hidden=\"true\"><\/i><\/li>\n\t\t\t<li><i class=\"fas fa-star\" aria-hidden=\"true\"><\/i><\/li>\n\t\t\t<li><i class=\"fas fa-star\" aria-hidden=\"true\"><\/i><\/li>\n\t\t\t<li><i class=\"fas fa-star\" aria-hidden=\"true\"><\/i><\/li>\n\t\t\t<li><i class=\"fas fa-star\" aria-hidden=\"true\"><\/i><\/li>\n\t\t<\/ul>\n\t\t\t\t\t<\/div>\n\t\t\t\t\t\n\t\t\n\t\t\n\t\t\n\t\t\n\t\t\n\t\t\n\t\t<span class=\"eael-testimonial-quote\"><\/span>\n\t<\/div>\n\n\t\t\t<\/div>\n\t\t\t\t<\/div>\n\t\t\t\t<\/div>\n\t\t<div data-particle_enable=\"false\" data-particle-mobile-disabled=\"false\" class=\"elementor-element elementor-element-b18e49a e-con-full review-col e-flex wpr-particle-no wpr-jarallax-no wpr-parallax-no wpr-sticky-section-no e-con e-child\" data-id=\"b18e49a\" data-element_type=\"container\" data-settings=\"{&quot;content_width&quot;:&quot;full&quot;,&quot;container_type&quot;:&quot;flex&quot;}\">\n\t\t\t\t<div class=\"elementor-element elementor-element-639098d elementor-widget elementor-widget-eael-testimonial\" data-id=\"639098d\" data-element_type=\"widget\" data-widget_type=\"eael-testimonial.default\">\n\t\t\t\t<div class=\"elementor-widget-container\">\n\t\t\t\n\t<div id=\"eael-testimonial-639098d\" class=\"eael-testimonial-item clearfix  classic-style rating-five\">\n\n\t\t\t\t\t<div class=\"eael-testimonial-content\">\n\t\t\t\t<div class=\"eael-testimonial-text\"><p>Wir waren gestern in diesem Escape Room und waren absolut begeistert! Der Raum ist mit soviel Liebe zum Detail gestaltet, es gibt wahnsinnig viel zu entdecken und zu entr\u00e4tseln, die M\u00f6bel und Gegenst\u00e4nde haben unendlich viel Charme,... es war einfach toll! Auch wenn wir die Aufgaben nicht in der Zeit geschafft haben, hatten wir eine Menge Spa\u00df, die Zeit verging wie im Flug. Die Besitzer des Escape Rooms waren supernett, sehr sympathisch und haben uns zum Schluss auch noch bei den letzten R\u00e4tseln geholfen. Wir k\u00f6nnen nur empfehlen, diesen Escape Room zu besuchen!! Wenn es ein neues Thema gibt, sind wir sicher wieder dabei!!<\/p>\n<\/div>\t\t\t\t<div class=\"clearfix\">\n\t\t\t\t\t<p class=\"eael-testimonial-user\">Alexandra Ochs<\/p>\t\t\t\t<\/div>\n\t\t\t\t\t\t<ul class=\"testimonial-star-rating\">\n\t\t\t<li><i class=\"fas fa-star\" aria-hidden=\"true\"><\/i><\/li>\n\t\t\t<li><i class=\"fas fa-star\" aria-hidden=\"true\"><\/i><\/li>\n\t\t\t<li><i class=\"fas fa-star\" aria-hidden=\"true\"><\/i><\/li>\n\t\t\t<li><i class=\"fas fa-star\" aria-hidden=\"true\"><\/i><\/li>\n\t\t\t<li><i class=\"fas fa-star\" aria-hidden=\"true\"><\/i><\/li>\n\t\t<\/ul>\n\t\t\t\t\t<\/div>\n\t\t\t\t\t\n\t\t\n\t\t\n\t\t\n\t\t\n\t\t\n\t\t\n\t\t<span class=\"eael-testimonial-quote\"><\/span>\n\t<\/div>\n\n\t\t\t<\/div>\n\t\t\t\t<\/div>\n\t\t\t\t<\/div>\n\t\t\t\t\t<\/div>\n\t\t\t\t<\/div>\n\t\t<div data-particle_enable=\"false\" data-particle-mobile-disabled=\"false\" class=\"elementor-element elementor-element-6a62b0b e-flex e-con-boxed wpr-particle-no wpr-jarallax-no wpr-parallax-no wpr-sticky-section-no e-con e-parent\" data-id=\"6a62b0b\" data-element_type=\"container\" data-settings=\"{&quot;background_background&quot;:&quot;classic&quot;,&quot;container_type&quot;:&quot;flex&quot;,&quot;content_width&quot;:&quot;boxed&quot;}\" data-core-v316-plus=\"true\">\n\t\t\t\t\t<div class=\"e-con-inner\">\n\t\t\t\t<div class=\"elementor-element elementor-element-c750fd1 elementor-widget elementor-widget-heading\" data-id=\"c750fd1\" data-element_type=\"widget\" data-widget_type=\"heading.default\">\n\t\t\t\t<div class=\"elementor-widget-container\">\n\t\t\t<h2 class=\"elementor-heading-title elementor-size-default\">HINTERLASSE DEINE BEWERTUNG<\/h2>\t\t<\/div>\n\t\t\t\t<\/div>\n\t\t\t\t\t<\/div>\n\t\t\t\t<\/div>\n\t\t<div data-particle_enable=\"false\" data-particle-mobile-disabled=\"false\" class=\"elementor-element elementor-element-00fee84 e-flex e-con-boxed wpr-particle-no wpr-jarallax-no wpr-parallax-no wpr-sticky-section-no e-con e-parent\" data-id=\"00fee84\" data-element_type=\"container\" data-settings=\"{&quot;background_background&quot;:&quot;classic&quot;,&quot;container_type&quot;:&quot;flex&quot;,&quot;content_width&quot;:&quot;boxed&quot;}\" data-core-v316-plus=\"true\">\n\t\t\t\t\t<div class=\"e-con-inner\">\n\t\t<div data-particle_enable=\"false\" data-particle-mobile-disabled=\"false\" class=\"elementor-element elementor-element-3cd5c08 e-con-full e-flex wpr-particle-no wpr-jarallax-no wpr-parallax-no wpr-sticky-section-no e-con e-child\" data-id=\"3cd5c08\" data-element_type=\"container\" data-settings=\"{&quot;content_width&quot;:&quot;full&quot;,&quot;container_type&quot;:&quot;flex&quot;}\">\n\t\t\t\t<div class=\"elementor-element elementor-element-915bddb elementor-widget elementor-widget-heading\" data-id=\"915bddb\" data-element_type=\"widget\" data-widget_type=\"heading.default\">\n\t\t\t\t<div class=\"elementor-widget-container\">\n\t\t\t<h2 class=\"elementor-heading-title elementor-size-default\">KLICKE HIERZU AUF DIESEN LINK<br>\nUND BEWERTE UNS \u00dcBER GOOGLE!<\/h2>\t\t<\/div>\n\t\t\t\t<\/div>\n\t\t\t\t<\/div>\n\t\t<div data-particle_enable=\"false\" data-particle-mobile-disabled=\"false\" class=\"elementor-element elementor-element-4424008 e-con-full e-flex wpr-particle-no wpr-jarallax-no wpr-parallax-no wpr-sticky-section-no e-con e-child\" data-id=\"4424008\" data-element_type=\"container\" data-settings=\"{&quot;content_width&quot;:&quot;full&quot;,&quot;container_type&quot;:&quot;flex&quot;}\">\n\t\t\t\t<div data-eael-wrapper-link=\"{&quot;url&quot;:&quot;http:\\\/\\\/search.google.com\\\/local\\\/reviews?placeid=ChIJ0VZ9lpo7v0cR1DCgD7SM504&quot;,&quot;is_external&quot;:&quot;on&quot;,&quot;nofollow&quot;:&quot;&quot;}\" class=\"elementor-element elementor-element-285791f elementor-widget__width-initial testi-2 elementor-widget elementor-widget-eael-testimonial\" data-id=\"285791f\" data-element_type=\"widget\" data-widget_type=\"eael-testimonial.default\">\n\t\t\t\t<div class=\"elementor-widget-container\">\n\t\t\t\n\t<div id=\"eael-testimonial-285791f\" class=\"eael-testimonial-item clearfix  icon-img-left-content rating-five\">\n\n\t\t\n\t\t\n\t\t\n\t\t\t\t\t\t\t\t<div class=\"eael-testimonial-image\">\n\t\t\t\t\t\t\t\t\t<figure><img decoding=\"async\" width=\"160\" height=\"160\" src=\"https:\/\/rausoderaus.de\/wp-content\/uploads\/2023\/11\/photo.jpg\" class=\"attachment-full size-full wp-image-491\" alt=\"\" srcset=\"https:\/\/rausoderaus.de\/wp-content\/uploads\/2023\/11\/photo.jpg 160w, https:\/\/rausoderaus.de\/wp-content\/uploads\/2023\/11\/photo-150x150.jpg 150w, https:\/\/rausoderaus.de\/wp-content\/uploads\/2023\/11\/photo-120x120.jpg 120w\" sizes=\"(max-width: 160px) 100vw, 160px\" \/><\/figure>\n\t\t\t\t\t\t\t<\/div>\n\t\t\t\t\t\t<div class=\"eael-testimonial-content\">\n\t\t\t\t<div class=\"eael-testimonial-text\"><p>RAUS oder AUS - K\u00f6ln Weiden<\/p>\n<\/div>\t\t<ul class=\"testimonial-star-rating\">\n\t\t\t<li><i class=\"fas fa-star\" aria-hidden=\"true\"><\/i><\/li>\n\t\t\t<li><i class=\"fas fa-star\" aria-hidden=\"true\"><\/i><\/li>\n\t\t\t<li><i class=\"fas fa-star\" aria-hidden=\"true\"><\/i><\/li>\n\t\t\t<li><i class=\"fas fa-star\" aria-hidden=\"true\"><\/i><\/li>\n\t\t\t<li><i class=\"fas fa-star\" aria-hidden=\"true\"><\/i><\/li>\n\t\t<\/ul>\n\t\t\t\t\t\t<div class=\"bio-text clearfix\">\n\t\t\t\t\t<p class=\"eael-testimonial-user\">65 Google Bewertungen<\/p>\t\t\t\t<\/div>\n\t\t\t<\/div>\n\t\t\n\t\t\n\t\t\n\t\t\n\t\t<span class=\"eael-testimonial-quote\"><\/span>\n\t<\/div>\n\n\t\t\t<\/div>\n\t\t\t\t<\/div>\n\t\t\t\t<\/div>\n\t\t\t\t\t<\/div>\n\t\t\t\t<\/div>\n\t\t\t\t\t\t\t<\/div>\n\t\t","protected":false},"excerpt":{"rendered":"<p>WIR BEDANKEN UNS F\u00dcR EUER VERTRAUEN UND DAS GROSSARTIGE FEEDBACK Wir waren heute zu Zweit im Escape Room &#8222;RAUS oder AUS&#8220;. Wir sind echte Escape-Fans und haben vorher auch schon um die 15 andere R\u00e4ume gespielt. Die ganze Atmosph\u00e4re bei &#8222;RAUS oder AUS&#8220; hat uns sehr begeistert und gut gefallen. Vor allem die liebevolle Begr\u00fc\u00dfung&#8230;<\/p>\n","protected":false},"author":1,"featured_media":0,"parent":0,"menu_order":0,"comment_status":"closed","ping_status":"closed","template":"","meta":{"footnotes":""},"class_list":["post-20","page","type-page","status-publish","hentry"],"_links":{"self":[{"href":"https:\/\/rausoderaus.de\/index.php?rest_route=\/wp\/v2\/pages\/20","targetHints":{"allow":["GET"]}}],"collection":[{"href":"https:\/\/rausoderaus.de\/index.php?rest_route=\/wp\/v2\/pages"}],"about":[{"href":"https:\/\/rausoderaus.de\/index.php?rest_route=\/wp\/v2\/types\/page"}],"author":[{"embeddable":true,"href":"https:\/\/rausoderaus.de\/index.php?rest_route=\/wp\/v2\/users\/1"}],"replies":[{"embeddable":true,"href":"https:\/\/rausoderaus.de\/index.php?rest_route=%2Fwp%2Fv2%2Fcomments&post=20"}],"version-history":[{"count":131,"href":"https:\/\/rausoderaus.de\/index.php?rest_route=\/wp\/v2\/pages\/20\/revisions"}],"predecessor-version":[{"id":1340,"href":"https:\/\/rausoderaus.de\/index.php?rest_route=\/wp\/v2\/pages\/20\/revisions\/1340"}],"wp:attachment":[{"href":"https:\/\/rausoderaus.de\/index.php?rest_route=%2Fwp%2Fv2%2Fmedia&parent=20"}],"curies":[{"name":"wp","href":"https:\/\/api.w.org\/{rel}","templated":true}]}}