{"id":22,"date":"2023-10-29T10:51:29","date_gmt":"2023-10-29T10:51:29","guid":{"rendered":"https:\/\/rausoderaus.de\/?page_id=22"},"modified":"2023-12-31T12:15:34","modified_gmt":"2023-12-31T12:15:34","slug":"impressum","status":"publish","type":"page","link":"https:\/\/rausoderaus.de\/?page_id=22","title":{"rendered":"Impressum"},"content":{"rendered":"\t\t<div data-elementor-type=\"wp-page\" data-elementor-id=\"22\" class=\"elementor elementor-22\">\n\t\t\t\t\t\t\t<div data-particle_enable=\"false\" data-particle-mobile-disabled=\"false\" class=\"elementor-element elementor-element-0e821c9 e-con-full e-flex wpr-particle-no wpr-jarallax-no wpr-parallax-no wpr-sticky-section-no e-con e-parent\" data-id=\"0e821c9\" data-element_type=\"container\" data-settings=\"{&quot;background_background&quot;:&quot;classic&quot;,&quot;content_width&quot;:&quot;full&quot;,&quot;container_type&quot;:&quot;flex&quot;}\" data-core-v316-plus=\"true\">\n\t\t\t\t<div class=\"elementor-element elementor-element-bb77ff6 elementor-widget__width-initial elementor-widget elementor-widget-text-editor\" data-id=\"bb77ff6\" data-element_type=\"widget\" data-widget_type=\"text-editor.default\">\n\t\t\t\t<div class=\"elementor-widget-container\">\n\t\t\t\t\t\t\t<h2 style=\"color: white;\">Impressum<\/h2><p>Angaben gem\u00e4\u00df \u00a7 5 TMG<\/p><p>Sandra Benndorf<\/p><p>RausoderAus<\/p><p>Bahnstra\u00dfe 167<\/p><p>50858 K\u00f6ln<\/p><h2>Kontakt<\/h2><p>Telefon: 022348090142<\/p><p>E-Mail: info@rausoderaus.de<\/p><h2>Streitschlichtung<\/h2><p>Die Europ\u00e4ische Kommission stellt eine Plattform zur Online-Streitbeilegung (OS) bereit:<\/p><p>https:\/\/ec.europa.eu\/consumers\/odr.<\/p><p>Unsere E-Mail-Adresse finden Sie oben im Impressum.<\/p><p>Wir sind nicht bereit oder verpflichtet, an Streitbeilegungsverfahren vor einer<\/p><p>Verbraucherschlichtungsstelle teilzunehmen.<\/p><h2>Haftung f\u00fcr Inhalte<\/h2><p>Als Diensteanbieter sind wir gem\u00e4\u00df \u00a7 7 Abs.1 TMG<br \/>f\u00fcr eigene Inhalte auf diesen Seiten nach den allgemeinen Gesetzen<br \/>verantwortlich. Nach \u00a7\u00a7 8 bis 10 TMG sind wir als Diensteanbieter jedoch<br \/>nicht verpflichtet, \u00fcbermittelte oder gespeicherte fremde Informationen<br \/>zu \u00fcberwachen oder nach Umst\u00e4nden zu forschen, die auf eine<br \/>rechtswidrige T\u00e4tigkeit hinweisen.<\/p><p>Verpflichtungen zur Entfernung oder Sperrung der<br \/>Nutzung von Informationen nach den allgemeinen Gesetzen bleiben hiervon<br \/>unber\u00fchrt. Eine diesbez\u00fcgliche Haftung ist jedoch erst ab dem Zeitpunkt<br \/>der Kenntnis einer konkreten Rechtsverletzung m\u00f6glich. Bei Bekanntwerden<br \/>von entsprechenden Rechtsverletzungen werden wir diese Inhalte umgehend<br \/>entfernen.<\/p><h2>Haftung f\u00fcr Links<\/h2><p>Unser Angebot enth\u00e4lt Links zu externen Websites<br \/>Dritter, auf deren Inhalte wir keinen Einfluss haben. Deshalb k\u00f6nnen wir<br \/>f\u00fcr diese fremden Inhalte auch keine Gew\u00e4hr \u00fcbernehmen. F\u00fcr die Inhalte<br \/>der verlinkten Seiten ist stets der jeweilige Anbieter oder Betreiber<br \/>der Seiten verantwortlich. Die verlinkten Seiten wurden zum Zeitpunkt<br \/>der Verlinkung auf m\u00f6gliche Rechtsverst\u00f6\u00dfe \u00fcberpr\u00fcft. Rechtswidrige<br \/>Inhalte waren zum Zeitpunkt der Verlinkung nicht erkennbar.<\/p><p>Eine permanente inhaltliche Kontrolle der<br \/>verlinkten Seiten ist jedoch ohne konkrete Anhaltspunkte einer<br \/>Rechtsverletzung nicht zumutbar. Bei Bekanntwerden von<br \/>Rechtsverletzungen werden wir derartige Links umgehend entfernen.<\/p><h2>Urheberrecht<\/h2><p>Die durch die Seitenbetreiber erstellten Inhalte<br \/>und Werke auf diesen Seiten unterliegen dem deutschen Urheberrecht. Die<br \/>Vervielf\u00e4ltigung, Bearbeitung, Verbreitung und jede Art der Verwertung<br \/>au\u00dferhalb der Grenzen des Urheberrechtes bed\u00fcrfen der schriftlichen<br \/>Zustimmung des jeweiligen Autors bzw. Erstellers. Downloads und Kopien<br \/>dieser Seite sind nur f\u00fcr den privaten, nicht kommerziellen Gebrauch<br \/>gestattet.<\/p><p>Soweit die Inhalte auf dieser Seite nicht vom<br \/>Betreiber erstellt wurden, werden die Urheberrechte Dritter beachtet.<br \/>Insbesondere werden Inhalte Dritter als solche gekennzeichnet. Sollten<br \/>Sie trotzdem auf eine Urheberrechtsverletzung aufmerksam werden, bitten<br \/>wir um einen entsprechenden Hinweis. Bei Bekanntwerden von<br \/>Rechtsverletzungen werden wir derartige Inhalte umgehend entfernen.<\/p><p>\u00a0<\/p>\t\t\t\t\t\t<\/div>\n\t\t\t\t<\/div>\n\t\t\t\t<div class=\"elementor-element elementor-element-471215e elementor-widget__width-initial elementor-widget elementor-widget-text-editor\" data-id=\"471215e\" data-element_type=\"widget\" data-widget_type=\"text-editor.default\">\n\t\t\t\t<div class=\"elementor-widget-container\">\n\t\t\t\t\t\t\t<p style=\"text-align: center; color: white;\"><strong>IMPRESSUM<\/strong><\/p><p style=\"text-align: center;\"><a href=\"https:\/\/rausoderaus.de\/?page_id=720\">DATENSCHUTZ<\/a><\/p><p style=\"text-align: center;\"><a href=\"https:\/\/rausoderaus.de\/?page_id=370\">AGB<\/a><\/p>\t\t\t\t\t\t<\/div>\n\t\t\t\t<\/div>\n\t\t\t\t<\/div>\n\t\t\t\t\t\t\t<\/div>\n\t\t","protected":false},"excerpt":{"rendered":"<p>Impressum Angaben gem\u00e4\u00df \u00a7 5 TMG Sandra Benndorf RausoderAus Bahnstra\u00dfe 167 50858 K\u00f6ln Kontakt Telefon: 022348090142 E-Mail: info@rausoderaus.de Streitschlichtung Die Europ\u00e4ische Kommission stellt eine Plattform zur Online-Streitbeilegung (OS) bereit: https:\/\/ec.europa.eu\/consumers\/odr. Unsere E-Mail-Adresse finden Sie oben im Impressum. Wir sind nicht bereit oder verpflichtet, an Streitbeilegungsverfahren vor einer Verbraucherschlichtungsstelle teilzunehmen. Haftung f\u00fcr Inhalte Als Diensteanbieter sind&#8230;<\/p>\n","protected":false},"author":1,"featured_media":0,"parent":0,"menu_order":0,"comment_status":"closed","ping_status":"closed","template":"","meta":{"footnotes":""},"class_list":["post-22","page","type-page","status-publish","hentry"],"_links":{"self":[{"href":"https:\/\/rausoderaus.de\/index.php?rest_route=\/wp\/v2\/pages\/22","targetHints":{"allow":["GET"]}}],"collection":[{"href":"https:\/\/rausoderaus.de\/index.php?rest_route=\/wp\/v2\/pages"}],"about":[{"href":"https:\/\/rausoderaus.de\/index.php?rest_route=\/wp\/v2\/types\/page"}],"author":[{"embeddable":true,"href":"https:\/\/rausoderaus.de\/index.php?rest_route=\/wp\/v2\/users\/1"}],"replies":[{"embeddable":true,"href":"https:\/\/rausoderaus.de\/index.php?rest_route=%2Fwp%2Fv2%2Fcomments&post=22"}],"version-history":[{"count":99,"href":"https:\/\/rausoderaus.de\/index.php?rest_route=\/wp\/v2\/pages\/22\/revisions"}],"predecessor-version":[{"id":1461,"href":"https:\/\/rausoderaus.de\/index.php?rest_route=\/wp\/v2\/pages\/22\/revisions\/1461"}],"wp:attachment":[{"href":"https:\/\/rausoderaus.de\/index.php?rest_route=%2Fwp%2Fv2%2Fmedia&parent=22"}],"curies":[{"name":"wp","href":"https:\/\/api.w.org\/{rel}","templated":true}]}}