{"id":370,"date":"2023-11-02T18:29:29","date_gmt":"2023-11-02T18:29:29","guid":{"rendered":"https:\/\/rausoderaus.de\/?page_id=370"},"modified":"2023-12-31T11:49:41","modified_gmt":"2023-12-31T11:49:41","slug":"agb","status":"publish","type":"page","link":"https:\/\/rausoderaus.de\/?page_id=370","title":{"rendered":"AGB"},"content":{"rendered":"\t\t<div data-elementor-type=\"wp-page\" data-elementor-id=\"370\" class=\"elementor elementor-370\">\n\t\t\t\t\t\t\t<div data-particle_enable=\"false\" data-particle-mobile-disabled=\"false\" class=\"elementor-element elementor-element-b3d4cd1 e-con-full e-flex wpr-particle-no wpr-jarallax-no wpr-parallax-no wpr-sticky-section-no e-con e-parent\" data-id=\"b3d4cd1\" data-element_type=\"container\" data-settings=\"{&quot;background_background&quot;:&quot;classic&quot;,&quot;content_width&quot;:&quot;full&quot;,&quot;container_type&quot;:&quot;flex&quot;}\" data-core-v316-plus=\"true\">\n\t\t<div data-particle_enable=\"false\" data-particle-mobile-disabled=\"false\" class=\"elementor-element elementor-element-9cc05e7 e-con-full e-flex wpr-particle-no wpr-jarallax-no wpr-parallax-no wpr-sticky-section-no e-con e-child\" data-id=\"9cc05e7\" data-element_type=\"container\" data-settings=\"{&quot;content_width&quot;:&quot;full&quot;,&quot;container_type&quot;:&quot;flex&quot;}\">\n\t\t\t\t<div class=\"elementor-element elementor-element-64c83be elementor-widget__width-initial elementor-widget elementor-widget-text-editor\" data-id=\"64c83be\" data-element_type=\"widget\" data-widget_type=\"text-editor.default\">\n\t\t\t\t<div class=\"elementor-widget-container\">\n\t\t\t\t\t\t\t<h1 style=\"color: white; font-size: 3.3em;\">Allgemeine Gesch\u00e4ftsbedingungen<\/h1>\nDer Vertrag \u00fcber den Erwerb von Raus oder Aus \/ Spielraumvermietung Tickets kommt mit dem Vermieter zustande.\n<ol>\n \t<li><strong style=\"color: white;\">Geltungsbereich der AGB<\/strong><br>\n1.1 Diese Allgemeinen Gesch\u00e4ftsbedingungen regeln die Beziehungen zwischen Raus oder Aus \/ Spielraumvermietung und dem Besucher von Raus oder Aus \/ Spielraumvermietung,<br>\n1.2 Kontaktdaten\nVermieter:\nSandra Benndorf\nBahnstra\u00dfe 167\n50858 K\u00f6ln\nVertreten durch:\nSandra Benndorf<br>\n1.3 Diese AGB gelten f\u00fcr alle Lieferungen und Leistungen (einschlie\u00dflich der Informationen und der Erteilung von Ausk\u00fcnften durch Raus oder Aus \/ Spielraumvermietung). Die Verk\u00e4ufe s\u00e4mtlicher \u00fcber Raus oder Aus \/ Spielraumvermietung angebotenen Tickets, Gutscheine oder sonstigen Artikel erfolgen ausschlie\u00dflich zu diesen Allgemeinen Gesch\u00e4ftsbedingungen in der jeweils aktuellen Fassung. Sofern Raus oder Aus \/ Spielraumvermietungen (Online-)Ticketverkauf durch einen Drittanbieter abwickelt, gelten zus\u00e4tzlich dessen Allgemeine Gesch\u00e4ftsbedingungen, welche dann im Anschluss an diese AGB aufgef\u00fchrt sind.<br>\n1.4 Entgegenstehende oder von diesen AGB abweichende Bedingungen wird hiermit widersprochen, es sei denn, Raus oder Aus \/ Spielraumvermietung stimmt diesen ausdr\u00fccklich zu. Diese Zustimmung muss grunds\u00e4tzlich schriftlich erfolgen. Dies gilt auch dann, wenn im Rahmen der Auftragserteilung auf die AGB des Besuchern verwiesen wird und Raus oder Aus \/ Spielraumvermietung seine Leistung vorbehaltlos durchf\u00fchrt.<br>\n1.5 Mit dem Erwerb eines Gutscheins oder sonstiger Artikel oder der Unterzeichnung einer Vereinbarung \u00fcber die Durchf\u00fchrung einer Sonderveranstaltung erkennt der Besucher diese Allgemeinen Gesch\u00e4ftsbedingungen im Rahmen des Vertragsverh\u00e4ltnisses als rechtlich bindend an.<\/li>\n \t<li><strong style=\"color: white;\">Gutscheine<\/strong><br>\n2.1 Gutscheine, in denen ein Gegenwert in Form einer Leistung oder einer Ware klar bestimmt ist, gelten ausschlie\u00dflich f\u00fcr die bestimmte Ware.<br>\n2.2 Wertgutscheine verf\u00fcgen \u00fcber einen Auftrag \u00fcber die H\u00f6he des Gegenwertes. Der Wert gilt jeweils inklusive der gesetzlichen Mehrwertsteuer.<br>\n2.3 Gutscheine k\u00f6nnen ausschlie\u00dflich zur Bezahlung eines Leistungsbezuges verwendet werden. Ein Anspruch auf Barauszahlung der Gutscheine gegen Raus oder Aus \/ Spielraumvermietung ist ausgeschlossen.<br>\n2.4 Gutscheine, welche von Raus oder Aus \/ Spielraumvermietung ausgegeben werden, verlieren ihre G\u00fcltigkeit mit Ablauf des dritten vollen Kalenderjahres, welches auf das Datum der Gutscheinausgabe folgt. Nach Ablauf dieser Frist besteht seitens des Besuchern kein Rechtsanspruch mehr auf Leistungserbringung durch Raus oder Aus.<\/li>\n \t<li><strong style=\"color: white;\">Hinweise zu Datenschutz und Datenverarbeitung<\/strong><br>\n3.1 Raus oder Aus \/ Spielraumvermietung erhebt im Rahmen der Abwicklung von Vertr\u00e4gen Daten des Besuchern. Raus oder Aus \/ Spielraumvermietung beachtet dabei insbesondere die Vorschriften des Bundesdatenschutzgesetzes und des Telemediengesetzes. Ohne Einwilligung des Besuchern &#8211; bspw. entsprechend der etwaig vom Besuchern erteilten Datennutzungserkl\u00e4rung (im Folgenden \u201eDNE\u201c) &#8211; wird Raus oder Aus \/ Spielraumvermietung personenbezogene Daten des Besuchern nur erheben, speichern, verarbeiten oder nutzen, soweit dies f\u00fcr die Abwicklung des Vertragsverh\u00e4ltnisses und f\u00fcr die Inanspruchnahme und Abrechnung von Telemedien erforderlich ist.<br>\n3.2 Raus oder Aus \/ Spielraumvermietung bzw. der autorisierte dritte Ticketverk\u00e4ufer sind an das\nzentrale Abrechnungssystem von Raus oder Aus \/ Spielraumvermietung angeschlossen. Die erhobenen\nDaten werden auf dem Zentralserver von Raus oder Aus \/ Spielraumvermietung nur entsprechend derggf. erteilten DNE und unter strikter Einhaltung der bestehenden gesetzlichen Regelungen gespeichert.<br>\n3.3 Der Besucher hat bez\u00fcglich der personenbezogenen und nutzungsspezifischen Daten die durch das Bundesdatenschutzgesetz gew\u00e4hrleisteten Rechte auf Auskunft, Berichtigung und L\u00f6schung; diese\nRechte sind auszu\u00fcben durch eine Nachricht auf dem Postweg (Kontaktdaten unter Ziffer 1.2) oder\ndurch elektronische Post an datenschutzbeauftragter@raus-oder-aus.de.<\/li>\n \t<li><strong style=\"color: white;\">Einwilligung in den Erhalt von E-Mails und\/oder SMS<\/strong><br>\nDer Nutzer willigt durch Zustimmung zu diesen AGB in den Erhalt von E-Mails und\/oder SMS ein, die zur\nDurchf\u00fchrung bzw. Best\u00e4tigung des Online-Ticketings bzw. der Online-Reservierung ein. Die\nEinwilligung umfasst auch eine einmalige Dankes-E-Mail an den Besuchern, mit welcher er nach Besuch\nder Veranstaltung informiert wird.<\/li>\n \t<li><strong style=\"color: white;\">Pr\u00fcfungspflicht des Besuchern, Eigentumsvorbehalt<\/strong><br>\n5.1 Der Besucher ist verpflichtet, die ausgeh\u00e4ndigte Gutscheins oder das Wechselgeld unmittelbar nach\nErhalt auf Vollst\u00e4ndigkeit und Korrektheit zu \u00fcberpr\u00fcfen. Sp\u00e4tere Reklamationen sind ausgeschlossen.<br>\n5.2 Erfolgt eine Reservierung \u00fcber das Online-Ticketing-System, so gilt diese Pr\u00fcfungspflicht sowohl f\u00fcr\ndie Best\u00e4tigungs-Email, ein elektronisches Ticket (eTicket) als auch f\u00fcr die sp\u00e4ter ausgeh\u00e4ndigten\nTickets.<br>\n5.3 Gutscheine und Waren bleiben bis zur vollst\u00e4ndigen Bezahlung des Rechnungsendbetrages\nEigentum von Raus oder Aus \/ Spielraumvermietung.<\/li>\n \t<li><strong style=\"color: white;\">Kein Widerrufsrecht nach Fernabsatzrecht<\/strong><br>\nMit dem Service, eTicket f\u00fcr das Raus oder Aus \/ Spielraumvermietung \u00fcber das Internet zu beziehen,\nbietet der Anbieter Dienstleistungen aus dem Bereich der Freizeitveranstaltungen an. Auf diese findet\ndas Fernabsatzrecht gem\u00e4\u00df \u00a7 312 g Absatz 2 Nr. 9 BGB keine Anwendung. Dies bedeutet, dass kein\nWiderrufsrecht hinsichtlich Ihrer Willenserkl\u00e4rung bez\u00fcglich der \u00fcber Internet gekauften Eintrittskarte\nbesteht.<\/li>\n \t<li><strong style=\"color: white;\">R\u00fccktritt des Besuchern \/ Stornierung \/ Terminverschiebung<\/strong><br>\nEine Stornierung oder Terminverschiebung ist nicht m\u00f6glich. Wird die Raus oder Aus \/\nSpielraumvermietung Buchung seitens des Besuchern storniert oder erscheint der Besucher nicht oder\nnicht rechtzeitig (+\/- 15 Minuten) zur Veranstaltung so verfallen s\u00e4mtliche Anspr\u00fcche gegen\u00fcber Raus\noder Aus \/ Spielraumvermietung, die sich aus dem Kauf der Buchung ergeben. Eine Erstattung oder ein\nErsatz erfolgt nicht. Wir m\u00f6chten unsere Besuchern zufrieden stellen. Aus diesem Grunde bieten wir\neine fallabh\u00e4ngig Kulanzreglung. Bitte stellen Sie Ihren Kulanzantrag per E-Mail an info@raus-oderaus.\nde &#8211; Im Falle einer Kulanzstornierung, -erstattung oder -umbuchung fallen mindestens\nSystemkosten in H\u00f6he von 26,- Euro und maximal 66,- Euro an. Diese ergibt sich aus Systemgeb\u00fchren\nund Ausfallentgeld.<\/li>\n \t<li><strong style=\"color: white;\">Jugendschutz<\/strong>\n8.1 Raus oder Aus \/ Spielraumvermietung hat f\u00fcr die Einhaltung der Vorschriften des\nJugendschutzgesetzes (JuSchG) in allen Bestimmungen, besonders aber hinsichtlich der Regelungen zur\nAltersangabe von Filmvorf\u00fchrungen, der Abgabe von alkoholischen Getr\u00e4nken sowie zum begleiteten\nbzw. unbegleiteten Aufenthalt in der \u00d6ffentlichkeit Sorge zu tragen.\n8.2 Raus oder Aus \/ Spielraumvermietung beh\u00e4lt sich vor, das Alter des Besuchern in geeigneter Weise\nzu \u00fcberpr\u00fcfen. Sollten Zweifel an den Angaben bestehen, kann der Besuch der Vorstellung verwehrt\nwerden bzw. der Kauf eines Gutschein oder eTicket muss r\u00fcckg\u00e4ngig gemacht werden.<\/li>\n \t<li><strong style=\"color: white;\">Haftung von Raus oder Aus \/ Spielraumvermietung, Ersatzpflicht<\/strong><br>\n10.1 Raus oder Aus \/ Spielraumvermietung haftet weder f\u00fcr abhanden gekommene Garderobe noch\nf\u00fcr abhanden gekommene oder verlorene Wertgegenst\u00e4nde. Raus oder Aus \/ Spielraumvermietung\n\u00fcbernimmt diesbez\u00fcglich keine Obhutspflichten.<br>\n9.2 Anspr\u00fcche des Besuchern auf Schadensersatz sind ausgeschlossen. Hiervon ausgenommen sind\nSchadensersatzanspr\u00fcche des Besuchern aus der Verletzung des Lebens, des K\u00f6rpers, der Gesundheit\noder aus der Verletzung wesentlicher Vertragspflichten (Kardinalpflichten) sowie die Haftung f\u00fcr\nsonstige Sch\u00e4den, die auf einer vors\u00e4tzlichen oder grob fahrl\u00e4ssigen Pflichtverletzung von dr.mice,\nseiner gesetzlichen Vertreter oder Erf\u00fcllungsgehilfen beruhen. Wesentliche Vertragspflichten sind\nsolche, deren Erf\u00fcllung zur Erreichung des Ziels des Vertrags notwendig sind.<br>\n9.3 Bei der Verletzung wesentlicher Vertragspflichten haftet Raus oder Aus \/ Spielraumvermietung nur\nauf den vertragstypischen, vorhersehbaren Schaden, wenn dieser einfach fahrl\u00e4ssig verursacht wurde,\nes sei denn, es handelt sich um Schadensersatzanspr\u00fcche des Besuchern aus einer Verletzung des\nLebens, des K\u00f6rpers oder der Gesundheit.<br>\n9.4 Die Einschr\u00e4nkungen der Ziffern <br>10.2 und 10.3 gelten auch zugunsten der gesetzlichen Vertreter\nund Erf\u00fcllungsgehilfen von Raus oder Aus \/ Spielraumvermietung, wenn Anspr\u00fcche direkt gegen diese\ngeltend gemacht werden.<br>\n9.5 Die Vorschriften des Produkthaftungsgesetzes bleiben unber\u00fchrt.\n9.6 F\u00fcr Sch\u00e4den, welche durch Dritte (insbesondere andere Besucher), verursacht werden, haftet Raus\noder Aus \/ Spielraumvermietung nicht, es sei denn, Raus oder Aus \/ Spielraumvermietung oder ihr\ngesetzlicher Vertreter oder Erf\u00fcllungsgehilfe hat durch grobe Fahrl\u00e4ssigkeit oder Vorsatz zum Schaden\nbeigetragen. Die Haftungseinschr\u00e4nkungen gelten nicht bei der Verletzung des Lebens, des K\u00f6rpers\noder der Gesundheit.<br>\n9.7 Bei groben technischen M\u00e4ngeln im Rahmen des Spiels hat der Besucher Anspruch auf\nR\u00fcckerstattungen des Kartenkaufpreises. Ein weitergehender Schadensersatz gleich welcher Art wird\nausgeschlossen.<\/li>\n \t<li><strong style=\"color:white\">Verbotenes Verhalten des Besuchern<\/strong><br>\n10.1 Alle Veranstaltungen in den R\u00e4umen sowie die R\u00e4ume selbst geh\u00f6ren zu den gesch\u00fctzten Werken\ngem\u00e4\u00df \u00a7 2 Urheberrechtsgesetz. Das Fotografieren sowie das Anfertigen von Filmen-, Video- oder\nAudiomitschnitten ist verboten. Raus oder Aus \/ Spielraumvermietung wird im Falle eines unerlaubten\nMitschnitts einer Veranstaltung oder von Teilen einer Veranstaltung Strafantrag bei den\nStrafverfolgungsbeh\u00f6rden stellen.<br>\n10.2 Das Mitf\u00fchren von Speisen und Getr\u00e4nken im Veranstaltungsraum sowie der Verzehr von\nmitgebrachten Speisen und Getr\u00e4nken im gesamten Veranstaltungsgel\u00e4nde ist nicht gestattet.<br>\n10.3 Das Rauchen ist in allen Bereichen des Veranstaltungsortes verboten.<br>\n10.4 Raus oder Aus \/ Spielraumvermietung kann einem Besuchern den Zutritt zum Veranstaltungsort\nverweigern, wenn Anlass zu der Bef\u00fcrchtung besteht, dass der Betroffene aufgrund von Alkohol- oder\nDrogenkonsum oder aus sonstigen Gr\u00fcnden den Vorstellungsablauf oder den Allgemeinen\nGesch\u00e4ftsbetrieb st\u00f6ren oder andere Besucher bel\u00e4stigen wird.<br>\n10.5 Tiere sind erlaubt.<\/li>\n \t<li><strong style=\"color: white;\">Gebotenes Verhalten des Besuchern<\/strong><br>\n11.1 Der Besucher verpflichtet sich f\u00fcr die Dauer des Aufenthaltes im Veranstaltungsort eine\nsorgf\u00e4ltigen Benutzung des Hauses, insbesondere der Einrichtung und des Inventars der Spielr\u00e4ume.\nRaus oder Aus \/ Spielraumvermietung beh\u00e4lt sich bei jedweder Besch\u00e4digung schuldhafter Art eine\nzivilrechtliche Verfolgung sowie bei vors\u00e4tzlicher Besch\u00e4digung dar\u00fcber hinaus auch eine\nstrafrechtliche Verfolgung vor.<br>\n11.2 Gegenst\u00e4nde aller Art, welche im Veranstaltungsort gefunden werden, sind beim Personal\nabzugeben.<br>\n11.3 Der Besucher verpflichtet sich, den Anweisungen der Raus oder Aus \/ Spielraumvermietung\nMitarbeiter Folge zu leisten und St\u00f6rungen des Betriebsablaufes, gleich welcher Art, zu unterlassen.\nMobiltelefone und andere elektronische Kommunikationsmittel sowie akustische Signalgeber aller Art\nsind in den Spielr\u00e4umen nicht gestattet. Der Einsatz optischer Zeigeger\u00e4te (Laserpointer) ist untersagt.\nIm Interesse einer st\u00f6rungs- freien Veranstaltung ist Raus oder Aus \/ Spielraumvermietung berechtigt,\nden Nutzer eines der vorgenannten Ger\u00e4te zur unverz\u00fcglichen Au\u00dferbetriebsetzung des Ger\u00e4tes oder\nden Besuchern zum Verlassen der Veranstaltung aufzufordern.<br>\n11.4 Das Mietverh\u00e4ltnis dauert 6 Monate und einen Tag, es bedarf keiner K\u00fcndigung.<\/li>\n \t<li><strong style=\"color: white;\">Hausverweis und Hausverbot<\/strong><br>\nBei Zuwiderhandlungen gegen die vorstehenden Bestimmungen der Punkte 10. und 11. ist das Raus\noder Aus \/ Spielraumvermietung berechtigt, den jeweiligen Besucher des Hauses zu verweisen.\nUnbeschadet seiner sonstigen Rechte ist Raus oder Aus \/ Spielraumvermietung berechtigt, im Falle\nerheblicher oder wiederholter St\u00f6rung und bei Verst\u00f6\u00dfen gegen diese Bestimmungen im Einzelfall ein\nzeitlich beschr\u00e4nktes oder dauerhaftes Hausverbot zu erteilen.<\/li>\n \t<li><strong style=\"color: white;\">Rechtswahl, Erf\u00fcllungsort, Gerichtsstand, salvatorische Klausel<\/strong><br>\n13.1 F\u00fcr Gesch\u00e4ftsbeziehungen jeder Art zwischen Raus oder Aus \/ Spielraumvermietung und dem\nBesuchern gilt deutsches Recht unter Ausschluss des UN-Kaufrechts.<br>\n13.2 Erf\u00fcllungsort f\u00fcr alle Anspr\u00fcche, welche sich zwischen Raus oder Aus \/ Spielraumvermietung und\ndem Besuchern aus der Gesch\u00e4ftsbeziehung ergeben, ist der Sitz des Unternehmens wie unter 1.2\ngenannt.<br>\n13.3 Soweit einzelne Bestimmungen dieser AGB unwirksam sind oder werden, wird die G\u00fcltigkeit der\n\u00fcbrigen Bestimmungen dadurch nicht ber\u00fchrt. An die Stelle der g\u00fcltigen Bestimmungen tritt die f\u00fcr\ndiesen Fall bestehende branchen\u00fcbliche Bestimmung, bei Fehlen einer zul\u00e4ssigen branchen\u00fcblichen\nBestimmung die gesetzliche Bestimmung.<\/li>\n<\/ol>\t\t\t\t\t\t<\/div>\n\t\t\t\t<\/div>\n\t\t\t\t<\/div>\n\t\t<div data-particle_enable=\"false\" data-particle-mobile-disabled=\"false\" class=\"elementor-element elementor-element-9fa50f8 e-con-full e-flex wpr-particle-no wpr-jarallax-no wpr-parallax-no wpr-sticky-section-no e-con e-child\" data-id=\"9fa50f8\" data-element_type=\"container\" data-settings=\"{&quot;content_width&quot;:&quot;full&quot;,&quot;container_type&quot;:&quot;flex&quot;}\">\n\t\t\t\t<div class=\"elementor-element elementor-element-d869afc elementor-widget elementor-widget-text-editor\" data-id=\"d869afc\" data-element_type=\"widget\" data-widget_type=\"text-editor.default\">\n\t\t\t\t<div class=\"elementor-widget-container\">\n\t\t\t\t\t\t\t<p style=\"text-align: center;\"><strong><a style=\"color: #da0120;\" href=\"https:\/\/rausoderaus.de\/?page_id=22\">IMPRESSUM<\/a><\/strong><\/p><p style=\"text-align: center;\"><a style=\"color: #da0120;\" href=\"https:\/\/rausoderaus.de\/?page_id=720\">DATENSCHUTZ<\/a><\/p><p style=\"text-align: center; color: white;\">AGB<\/p>\t\t\t\t\t\t<\/div>\n\t\t\t\t<\/div>\n\t\t\t\t<\/div>\n\t\t\t\t<\/div>\n\t\t\t\t\t\t\t<\/div>\n\t\t","protected":false},"excerpt":{"rendered":"<p>Allgemeine Gesch\u00e4ftsbedingungen Der Vertrag \u00fcber den Erwerb von Raus oder Aus \/ Spielraumvermietung Tickets kommt mit dem Vermieter zustande. Geltungsbereich der AGB 1.1 Diese Allgemeinen Gesch\u00e4ftsbedingungen regeln die Beziehungen zwischen Raus oder Aus \/ Spielraumvermietung und dem Besucher von Raus oder Aus \/ Spielraumvermietung, 1.2 Kontaktdaten Vermieter: Sandra Benndorf Bahnstra\u00dfe 167 50858 K\u00f6ln Vertreten durch:&#8230;<\/p>\n","protected":false},"author":1,"featured_media":0,"parent":0,"menu_order":0,"comment_status":"closed","ping_status":"closed","template":"","meta":{"footnotes":""},"class_list":["post-370","page","type-page","status-publish","hentry"],"_links":{"self":[{"href":"https:\/\/rausoderaus.de\/index.php?rest_route=\/wp\/v2\/pages\/370","targetHints":{"allow":["GET"]}}],"collection":[{"href":"https:\/\/rausoderaus.de\/index.php?rest_route=\/wp\/v2\/pages"}],"about":[{"href":"https:\/\/rausoderaus.de\/index.php?rest_route=\/wp\/v2\/types\/page"}],"author":[{"embeddable":true,"href":"https:\/\/rausoderaus.de\/index.php?rest_route=\/wp\/v2\/users\/1"}],"replies":[{"embeddable":true,"href":"https:\/\/rausoderaus.de\/index.php?rest_route=%2Fwp%2Fv2%2Fcomments&post=370"}],"version-history":[{"count":38,"href":"https:\/\/rausoderaus.de\/index.php?rest_route=\/wp\/v2\/pages\/370\/revisions"}],"predecessor-version":[{"id":1449,"href":"https:\/\/rausoderaus.de\/index.php?rest_route=\/wp\/v2\/pages\/370\/revisions\/1449"}],"wp:attachment":[{"href":"https:\/\/rausoderaus.de\/index.php?rest_route=%2Fwp%2Fv2%2Fmedia&parent=370"}],"curies":[{"name":"wp","href":"https:\/\/api.w.org\/{rel}","templated":true}]}}